{"id":2,"date":"2023-04-15T22:22:38","date_gmt":"2023-04-15T21:22:38","guid":{"rendered":"http:\/\/tipdeviajes.com\/?page_id=2"},"modified":"2025-08-31T21:16:18","modified_gmt":"2025-08-31T20:16:18","slug":"sample-page","status":"publish","type":"page","link":"https:\/\/tipdeviajes.com\/index.php\/sample-page\/","title":{"rendered":"Sobre nosotros &#8211; About us"},"content":{"rendered":"\n<p>Somos Manoy y Sara, una pareja con trabajos normales de oficina, pero con un gran privilegio: trabajar en empresas familiares que nos dan un poquito m\u00e1s de flexibilidad a la hora de planear vacaciones. Ahorramos, armamos la mochila y salimos a descubrir lo que m\u00e1s nos llame la atenci\u00f3n.<\/p>\n\n\n\n<p>Nos encanta mantenernos activos, conectar con la naturaleza y, siempre que se pueda, meterle un toque de adrenalina con actividades extremas.<\/p>\n\n\n\n<p>Este blog naci\u00f3 como un diario de viaje digital: un lugar donde guardar lo que vivimos, lo que disfrutamos (y tambi\u00e9n lo que sufrimos un poquito \ud83d\ude05), para poder revivirlo cuando queramos. Tambi\u00e9n lo creamos porque muchos amigos nos piden tips de los viajes, as\u00ed que aqu\u00ed anotamos precios, tiempos y detalles pr\u00e1cticos para que cualquiera que quiera lanzarse a una aventura tenga la info clara, sin tanta vuelta.<\/p>\n\n\n\n<p>Esperamos que disfruten el contenido y que encuentren informaci\u00f3n que les sirva para sus propios viajes. \u00a1Estamos a la orden para cualquier pregunta!<\/p>\n\n\n\n<p>As a new WordPress user, you should go to <a href=\"http:\/\/tipdeviajes.com\/wp-admin\/\">your dashboard<\/a> to delete this page and create new pages for your content. Have fun!<\/p>\n\n\n\n<figure class=\"wp-block-image size-large is-resized\"><img loading=\"lazy\" decoding=\"async\" width=\"1024\" height=\"768\" src=\"http:\/\/tipdeviajes.com\/wp-content\/uploads\/2025\/08\/IMG_8131-1024x768.jpg\" alt=\"\" class=\"wp-image-16483\" style=\"width:769px;height:auto\" srcset=\"https:\/\/tipdeviajes.com\/wp-content\/uploads\/2025\/08\/IMG_8131-1024x768.jpg 1024w, https:\/\/tipdeviajes.com\/wp-content\/uploads\/2025\/08\/IMG_8131-300x225.jpg 300w, https:\/\/tipdeviajes.com\/wp-content\/uploads\/2025\/08\/IMG_8131-768x576.jpg 768w, https:\/\/tipdeviajes.com\/wp-content\/uploads\/2025\/08\/IMG_8131-1536x1152.jpg 1536w, https:\/\/tipdeviajes.com\/wp-content\/uploads\/2025\/08\/IMG_8131-2048x1536.jpg 2048w\" sizes=\"auto, (max-width: 1024px) 100vw, 1024px\" \/><\/figure>\n","protected":false},"excerpt":{"rendered":"<p>Somos Manoy y Sara, una pareja con trabajos normales de oficina, pero con un gran privilegio: trabajar en empresas familiares [&hellip;]<\/p>\n","protected":false},"author":1,"featured_media":0,"parent":0,"menu_order":0,"comment_status":"closed","ping_status":"open","template":"","meta":{"site-sidebar-layout":"default","site-content-layout":"","ast-site-content-layout":"default","site-content-style":"default","site-sidebar-style":"default","ast-global-header-display":"","ast-banner-title-visibility":"","ast-main-header-display":"","ast-hfb-above-header-display":"","ast-hfb-below-header-display":"","ast-hfb-mobile-header-display":"","site-post-title":"","ast-breadcrumbs-content":"","ast-featured-img":"","footer-sml-layout":"","ast-disable-related-posts":"","theme-transparent-header-meta":"","adv-header-id-meta":"","stick-header-meta":"","header-above-stick-meta":"","header-main-stick-meta":"","header-below-stick-meta":"","astra-migrate-meta-layouts":"default","ast-page-background-enabled":"default","ast-page-background-meta":{"desktop":{"background-color":"var(--ast-global-color-4)","background-image":"","background-repeat":"repeat","background-position":"center center","background-size":"auto","background-attachment":"scroll","background-type":"","background-media":"","overlay-type":"","overlay-color":"","overlay-opacity":"","overlay-gradient":""},"tablet":{"background-color":"","background-image":"","background-repeat":"repeat","background-position":"center center","background-size":"auto","background-attachment":"scroll","background-type":"","background-media":"","overlay-type":"","overlay-color":"","overlay-opacity":"","overlay-gradient":""},"mobile":{"background-color":"","background-image":"","background-repeat":"repeat","background-position":"center center","background-size":"auto","background-attachment":"scroll","background-type":"","background-media":"","overlay-type":"","overlay-color":"","overlay-opacity":"","overlay-gradient":""}},"ast-content-background-meta":{"desktop":{"background-color":"var(--ast-global-color-5)","background-image":"","background-repeat":"repeat","background-position":"center center","background-size":"auto","background-attachment":"scroll","background-type":"","background-media":"","overlay-type":"","overlay-color":"","overlay-opacity":"","overlay-gradient":""},"tablet":{"background-color":"var(--ast-global-color-5)","background-image":"","background-repeat":"repeat","background-position":"center center","background-size":"auto","background-attachment":"scroll","background-type":"","background-media":"","overlay-type":"","overlay-color":"","overlay-opacity":"","overlay-gradient":""},"mobile":{"background-color":"var(--ast-global-color-5)","background-image":"","background-repeat":"repeat","background-position":"center center","background-size":"auto","background-attachment":"scroll","background-type":"","background-media":"","overlay-type":"","overlay-color":"","overlay-opacity":"","overlay-gradient":""}},"footnotes":""},"class_list":["post-2","page","type-page","status-publish","hentry"],"aioseo_notices":[],"_links":{"self":[{"href":"https:\/\/tipdeviajes.com\/index.php\/wp-json\/wp\/v2\/pages\/2","targetHints":{"allow":["GET"]}}],"collection":[{"href":"https:\/\/tipdeviajes.com\/index.php\/wp-json\/wp\/v2\/pages"}],"about":[{"href":"https:\/\/tipdeviajes.com\/index.php\/wp-json\/wp\/v2\/types\/page"}],"author":[{"embeddable":true,"href":"https:\/\/tipdeviajes.com\/index.php\/wp-json\/wp\/v2\/users\/1"}],"replies":[{"embeddable":true,"href":"https:\/\/tipdeviajes.com\/index.php\/wp-json\/wp\/v2\/comments?post=2"}],"version-history":[{"count":4,"href":"https:\/\/tipdeviajes.com\/index.php\/wp-json\/wp\/v2\/pages\/2\/revisions"}],"predecessor-version":[{"id":16484,"href":"https:\/\/tipdeviajes.com\/index.php\/wp-json\/wp\/v2\/pages\/2\/revisions\/16484"}],"wp:attachment":[{"href":"https:\/\/tipdeviajes.com\/index.php\/wp-json\/wp\/v2\/media?parent=2"}],"curies":[{"name":"wp","href":"https:\/\/api.w.org\/{rel}","templated":true}]}}